{"id":1031,"date":"2019-04-08T12:13:12","date_gmt":"2019-04-08T12:13:12","guid":{"rendered":"https:\/\/aardappelen-legrand.be\/qualite\/securite-alimentaire-et-qualite\/"},"modified":"2020-11-09T18:57:44","modified_gmt":"2020-11-09T17:57:44","slug":"securite-alimentaire-et-qualite","status":"publish","type":"page","link":"https:\/\/aardappelen-legrand.be\/fr\/qualite\/securite-alimentaire-et-qualite\/","title":{"rendered":"S\u00e9curit\u00e9 alimentaire et qualit\u00e9"},"content":{"rendered":"","protected":false},"excerpt":{"rendered":"","protected":false},"author":1,"featured_media":0,"parent":1027,"menu_order":0,"comment_status":"closed","ping_status":"closed","template":"","meta":{"footnotes":""},"acf":[],"yoast_head":"<!-- This site is optimized with the Yoast SEO plugin v21.1 - https:\/\/yoast.com\/wordpress\/plugins\/seo\/ -->\n<title>S\u00e9curit\u00e9 alimentaire et qualit\u00e9 - Aardappelen Legrand<\/title>\n<meta name=\"robots\" content=\"index, follow, max-snippet:-1, max-image-preview:large, max-video-preview:-1\" \/>\n<link rel=\"canonical\" href=\"https:\/\/aardappelen-legrand.be\/fr\/qualite\/securite-alimentaire-et-qualite\/\" \/>\n<meta property=\"og:locale\" content=\"fr_FR\" \/>\n<meta property=\"og:type\" content=\"article\" \/>\n<meta property=\"og:title\" content=\"S\u00e9curit\u00e9 alimentaire et qualit\u00e9 - Aardappelen Legrand\" \/>\n<meta property=\"og:url\" content=\"https:\/\/aardappelen-legrand.be\/fr\/qualite\/securite-alimentaire-et-qualite\/\" \/>\n<meta property=\"og:site_name\" content=\"Aardappelen Legrand\" \/>\n<meta property=\"article:modified_time\" content=\"2020-11-09T17:57:44+00:00\" \/>\n<meta name=\"twitter:card\" content=\"summary_large_image\" \/>\n<script type=\"application\/ld+json\" class=\"yoast-schema-graph\">{\"@context\":\"https:\/\/schema.org\",\"@graph\":[{\"@type\":\"WebPage\",\"@id\":\"https:\/\/aardappelen-legrand.be\/fr\/qualite\/securite-alimentaire-et-qualite\/\",\"url\":\"https:\/\/aardappelen-legrand.be\/fr\/qualite\/securite-alimentaire-et-qualite\/\",\"name\":\"S\u00e9curit\u00e9 alimentaire et qualit\u00e9 - Aardappelen Legrand\",\"isPartOf\":{\"@id\":\"https:\/\/aardappelen-legrand.be\/fr\/#website\"},\"datePublished\":\"2019-04-08T12:13:12+00:00\",\"dateModified\":\"2020-11-09T17:57:44+00:00\",\"breadcrumb\":{\"@id\":\"https:\/\/aardappelen-legrand.be\/fr\/qualite\/securite-alimentaire-et-qualite\/#breadcrumb\"},\"inLanguage\":\"fr-FR\",\"potentialAction\":[{\"@type\":\"ReadAction\",\"target\":[\"https:\/\/aardappelen-legrand.be\/fr\/qualite\/securite-alimentaire-et-qualite\/\"]}]},{\"@type\":\"BreadcrumbList\",\"@id\":\"https:\/\/aardappelen-legrand.be\/fr\/qualite\/securite-alimentaire-et-qualite\/#breadcrumb\",\"itemListElement\":[{\"@type\":\"ListItem\",\"position\":1,\"name\":\"Home\",\"item\":\"https:\/\/aardappelen-legrand.be\/fr\/\"},{\"@type\":\"ListItem\",\"position\":2,\"name\":\"Qualit\u00e9\",\"item\":\"https:\/\/aardappelen-legrand.be\/fr\/qualite\/\"},{\"@type\":\"ListItem\",\"position\":3,\"name\":\"S\u00e9curit\u00e9 alimentaire et qualit\u00e9\"}]},{\"@type\":\"WebSite\",\"@id\":\"https:\/\/aardappelen-legrand.be\/fr\/#website\",\"url\":\"https:\/\/aardappelen-legrand.be\/fr\/\",\"name\":\"Aardappelen Legrand\",\"description\":\"Vers geschilde aardappelen en friet. Eenvoudig besteld en snel geleverd\",\"publisher\":{\"@id\":\"https:\/\/aardappelen-legrand.be\/fr\/#organization\"},\"potentialAction\":[{\"@type\":\"SearchAction\",\"target\":{\"@type\":\"EntryPoint\",\"urlTemplate\":\"https:\/\/aardappelen-legrand.be\/fr\/?s={search_term_string}\"},\"query-input\":\"required name=search_term_string\"}],\"inLanguage\":\"fr-FR\"},{\"@type\":\"Organization\",\"@id\":\"https:\/\/aardappelen-legrand.be\/fr\/#organization\",\"name\":\"Aardappelen Legrand\",\"url\":\"https:\/\/aardappelen-legrand.be\/fr\/\",\"logo\":{\"@type\":\"ImageObject\",\"inLanguage\":\"fr-FR\",\"@id\":\"https:\/\/aardappelen-legrand.be\/fr\/#\/schema\/logo\/image\/\",\"url\":\"https:\/\/aardappelen-legrand.be\/wp-content\/uploads\/2020\/10\/legrand-1.png\",\"contentUrl\":\"https:\/\/aardappelen-legrand.be\/wp-content\/uploads\/2020\/10\/legrand-1.png\",\"width\":506,\"height\":128,\"caption\":\"Aardappelen Legrand\"},\"image\":{\"@id\":\"https:\/\/aardappelen-legrand.be\/fr\/#\/schema\/logo\/image\/\"}}]}<\/script>\n<!-- \/ Yoast SEO plugin. -->","yoast_head_json":{"title":"S\u00e9curit\u00e9 alimentaire et qualit\u00e9 - Aardappelen Legrand","robots":{"index":"index","follow":"follow","max-snippet":"max-snippet:-1","max-image-preview":"max-image-preview:large","max-video-preview":"max-video-preview:-1"},"canonical":"https:\/\/aardappelen-legrand.be\/fr\/qualite\/securite-alimentaire-et-qualite\/","og_locale":"fr_FR","og_type":"article","og_title":"S\u00e9curit\u00e9 alimentaire et qualit\u00e9 - Aardappelen Legrand","og_url":"https:\/\/aardappelen-legrand.be\/fr\/qualite\/securite-alimentaire-et-qualite\/","og_site_name":"Aardappelen Legrand","article_modified_time":"2020-11-09T17:57:44+00:00","twitter_card":"summary_large_image","schema":{"@context":"https:\/\/schema.org","@graph":[{"@type":"WebPage","@id":"https:\/\/aardappelen-legrand.be\/fr\/qualite\/securite-alimentaire-et-qualite\/","url":"https:\/\/aardappelen-legrand.be\/fr\/qualite\/securite-alimentaire-et-qualite\/","name":"S\u00e9curit\u00e9 alimentaire et qualit\u00e9 - Aardappelen Legrand","isPartOf":{"@id":"https:\/\/aardappelen-legrand.be\/fr\/#website"},"datePublished":"2019-04-08T12:13:12+00:00","dateModified":"2020-11-09T17:57:44+00:00","breadcrumb":{"@id":"https:\/\/aardappelen-legrand.be\/fr\/qualite\/securite-alimentaire-et-qualite\/#breadcrumb"},"inLanguage":"fr-FR","potentialAction":[{"@type":"ReadAction","target":["https:\/\/aardappelen-legrand.be\/fr\/qualite\/securite-alimentaire-et-qualite\/"]}]},{"@type":"BreadcrumbList","@id":"https:\/\/aardappelen-legrand.be\/fr\/qualite\/securite-alimentaire-et-qualite\/#breadcrumb","itemListElement":[{"@type":"ListItem","position":1,"name":"Home","item":"https:\/\/aardappelen-legrand.be\/fr\/"},{"@type":"ListItem","position":2,"name":"Qualit\u00e9","item":"https:\/\/aardappelen-legrand.be\/fr\/qualite\/"},{"@type":"ListItem","position":3,"name":"S\u00e9curit\u00e9 alimentaire et qualit\u00e9"}]},{"@type":"WebSite","@id":"https:\/\/aardappelen-legrand.be\/fr\/#website","url":"https:\/\/aardappelen-legrand.be\/fr\/","name":"Aardappelen Legrand","description":"Vers geschilde aardappelen en friet. Eenvoudig besteld en snel geleverd","publisher":{"@id":"https:\/\/aardappelen-legrand.be\/fr\/#organization"},"potentialAction":[{"@type":"SearchAction","target":{"@type":"EntryPoint","urlTemplate":"https:\/\/aardappelen-legrand.be\/fr\/?s={search_term_string}"},"query-input":"required name=search_term_string"}],"inLanguage":"fr-FR"},{"@type":"Organization","@id":"https:\/\/aardappelen-legrand.be\/fr\/#organization","name":"Aardappelen Legrand","url":"https:\/\/aardappelen-legrand.be\/fr\/","logo":{"@type":"ImageObject","inLanguage":"fr-FR","@id":"https:\/\/aardappelen-legrand.be\/fr\/#\/schema\/logo\/image\/","url":"https:\/\/aardappelen-legrand.be\/wp-content\/uploads\/2020\/10\/legrand-1.png","contentUrl":"https:\/\/aardappelen-legrand.be\/wp-content\/uploads\/2020\/10\/legrand-1.png","width":506,"height":128,"caption":"Aardappelen Legrand"},"image":{"@id":"https:\/\/aardappelen-legrand.be\/fr\/#\/schema\/logo\/image\/"}}]}},"_links":{"self":[{"href":"https:\/\/aardappelen-legrand.be\/fr\/wp-json\/wp\/v2\/pages\/1031"}],"collection":[{"href":"https:\/\/aardappelen-legrand.be\/fr\/wp-json\/wp\/v2\/pages"}],"about":[{"href":"https:\/\/aardappelen-legrand.be\/fr\/wp-json\/wp\/v2\/types\/page"}],"author":[{"embeddable":true,"href":"https:\/\/aardappelen-legrand.be\/fr\/wp-json\/wp\/v2\/users\/1"}],"replies":[{"embeddable":true,"href":"https:\/\/aardappelen-legrand.be\/fr\/wp-json\/wp\/v2\/comments?post=1031"}],"version-history":[{"count":1,"href":"https:\/\/aardappelen-legrand.be\/fr\/wp-json\/wp\/v2\/pages\/1031\/revisions"}],"predecessor-version":[{"id":1032,"href":"https:\/\/aardappelen-legrand.be\/fr\/wp-json\/wp\/v2\/pages\/1031\/revisions\/1032"}],"up":[{"embeddable":true,"href":"https:\/\/aardappelen-legrand.be\/fr\/wp-json\/wp\/v2\/pages\/1027"}],"wp:attachment":[{"href":"https:\/\/aardappelen-legrand.be\/fr\/wp-json\/wp\/v2\/media?parent=1031"}],"curies":[{"name":"wp","href":"https:\/\/api.w.org\/{rel}","templated":true}]}}