{"id":1091,"date":"2018-08-29T15:41:27","date_gmt":"2018-08-29T15:41:27","guid":{"rendered":"https:\/\/aardappelen-legrand.be\/assortiment\/pommes-de-terre-kookhalf\/"},"modified":"2019-04-19T08:53:07","modified_gmt":"2019-04-19T08:53:07","slug":"pommes-de-terre-vapeur-half","status":"publish","type":"product","link":"https:\/\/aardappelen-legrand.be\/fr\/assortiment\/pommes-de-terre-vapeur-half\/","title":{"rendered":"Pommes de terre Vapeur half"},"content":{"rendered":"<p>Apr\u00e8s les frites, les pommes de terre Kookhalf constituent le produit le plus populaire de notre gamme. Cette vari\u00e9t\u00e9 est id\u00e9ale pour les grandes cuisines et les traiteurs qui concoctent des plats plut\u00f4t traditionnels mais succulents. Elle s&rsquo;utilise \u00e9galement dans tous les autres mets \u00e0 base de pomme de terre.<\/p>\n<ul>\n<li>Texture florale<\/li>\n<li>Temps de cuisson court<\/li>\n<li>Garantie du go\u00fbt<\/li>\n<li>Conditionn\u00e9e dans une atmosph\u00e8re modifi\u00e9e<\/li>\n<\/ul>\n","protected":false},"excerpt":{"rendered":"<p>Apr\u00e8s les frites, les pommes de terre Kookhalf constituent le produit le plus populaire de notre gamme. Cette vari\u00e9t\u00e9 est id\u00e9ale pour les grandes cuisines et les traiteurs qui concoctent des plats plut\u00f4t traditionnels mais succulents. Elle s&rsquo;utilise \u00e9galement dans tous les autres mets \u00e0 base de pomme de terre. Texture florale Temps de cuisson&hellip;<\/p>\n<p><a class=\"btn btn-primary\" href=\"https:\/\/aardappelen-legrand.be\/fr\/assortiment\/pommes-de-terre-vapeur-half\/\">Lire l\u2019article complet<\/a><\/p>\n","protected":false},"featured_media":314,"template":"","meta":[],"product_cat":[42],"product_tag":[],"acf":[],"yoast_head":"<!-- This site is optimized with the Yoast SEO plugin v21.1 - https:\/\/yoast.com\/wordpress\/plugins\/seo\/ -->\n<title>Pommes de terre Vapeur half - Aardappelen Legrand<\/title>\n<meta name=\"robots\" content=\"index, follow, max-snippet:-1, max-image-preview:large, max-video-preview:-1\" \/>\n<link rel=\"canonical\" href=\"https:\/\/aardappelen-legrand.be\/fr\/assortiment\/pommes-de-terre-vapeur-half\/\" \/>\n<meta property=\"og:locale\" content=\"fr_FR\" \/>\n<meta property=\"og:type\" content=\"article\" \/>\n<meta property=\"og:title\" content=\"Pommes de terre Vapeur half - Aardappelen Legrand\" \/>\n<meta property=\"og:description\" content=\"Apr\u00e8s les frites, les pommes de terre Kookhalf constituent le produit le plus populaire de notre gamme. Cette vari\u00e9t\u00e9 est id\u00e9ale pour les grandes cuisines et les traiteurs qui concoctent des plats plut\u00f4t traditionnels mais succulents. Elle s&rsquo;utilise \u00e9galement dans tous les autres mets \u00e0 base de pomme de terre. Texture florale Temps de cuisson&hellip;Lire l\u2019article complet\" \/>\n<meta property=\"og:url\" content=\"https:\/\/aardappelen-legrand.be\/fr\/assortiment\/pommes-de-terre-vapeur-half\/\" \/>\n<meta property=\"og:site_name\" content=\"Aardappelen Legrand\" \/>\n<meta property=\"article:modified_time\" content=\"2019-04-19T08:53:07+00:00\" \/>\n<meta property=\"og:image\" content=\"https:\/\/aardappelen-legrand.be\/wp-content\/uploads\/2018\/08\/Legrand_bereiding-7_lowres.jpg\" \/>\n\t<meta property=\"og:image:width\" content=\"2000\" \/>\n\t<meta property=\"og:image:height\" content=\"1333\" \/>\n\t<meta property=\"og:image:type\" content=\"image\/jpeg\" \/>\n<meta name=\"twitter:card\" content=\"summary_large_image\" \/>\n<script type=\"application\/ld+json\" class=\"yoast-schema-graph\">{\"@context\":\"https:\/\/schema.org\",\"@graph\":[{\"@type\":\"WebPage\",\"@id\":\"https:\/\/aardappelen-legrand.be\/fr\/assortiment\/pommes-de-terre-vapeur-half\/\",\"url\":\"https:\/\/aardappelen-legrand.be\/fr\/assortiment\/pommes-de-terre-vapeur-half\/\",\"name\":\"Pommes de terre Vapeur half - Aardappelen Legrand\",\"isPartOf\":{\"@id\":\"https:\/\/aardappelen-legrand.be\/fr\/#website\"},\"datePublished\":\"2018-08-29T15:41:27+00:00\",\"dateModified\":\"2019-04-19T08:53:07+00:00\",\"breadcrumb\":{\"@id\":\"https:\/\/aardappelen-legrand.be\/fr\/assortiment\/pommes-de-terre-vapeur-half\/#breadcrumb\"},\"inLanguage\":\"fr-FR\",\"potentialAction\":[{\"@type\":\"ReadAction\",\"target\":[\"https:\/\/aardappelen-legrand.be\/fr\/assortiment\/pommes-de-terre-vapeur-half\/\"]}]},{\"@type\":\"BreadcrumbList\",\"@id\":\"https:\/\/aardappelen-legrand.be\/fr\/assortiment\/pommes-de-terre-vapeur-half\/#breadcrumb\",\"itemListElement\":[{\"@type\":\"ListItem\",\"position\":1,\"name\":\"Home\",\"item\":\"https:\/\/aardappelen-legrand.be\/fr\/\"},{\"@type\":\"ListItem\",\"position\":2,\"name\":\"Assortiment\",\"item\":\"https:\/\/aardappelen-legrand.be\/assortiment\/\"},{\"@type\":\"ListItem\",\"position\":3,\"name\":\"Pommes de terre Vapeur half\"}]},{\"@type\":\"WebSite\",\"@id\":\"https:\/\/aardappelen-legrand.be\/fr\/#website\",\"url\":\"https:\/\/aardappelen-legrand.be\/fr\/\",\"name\":\"Aardappelen Legrand\",\"description\":\"Vers geschilde aardappelen en friet. Eenvoudig besteld en snel geleverd\",\"publisher\":{\"@id\":\"https:\/\/aardappelen-legrand.be\/fr\/#organization\"},\"potentialAction\":[{\"@type\":\"SearchAction\",\"target\":{\"@type\":\"EntryPoint\",\"urlTemplate\":\"https:\/\/aardappelen-legrand.be\/fr\/?s={search_term_string}\"},\"query-input\":\"required name=search_term_string\"}],\"inLanguage\":\"fr-FR\"},{\"@type\":\"Organization\",\"@id\":\"https:\/\/aardappelen-legrand.be\/fr\/#organization\",\"name\":\"Aardappelen Legrand\",\"url\":\"https:\/\/aardappelen-legrand.be\/fr\/\",\"logo\":{\"@type\":\"ImageObject\",\"inLanguage\":\"fr-FR\",\"@id\":\"https:\/\/aardappelen-legrand.be\/fr\/#\/schema\/logo\/image\/\",\"url\":\"https:\/\/aardappelen-legrand.be\/wp-content\/uploads\/2020\/10\/legrand-1.png\",\"contentUrl\":\"https:\/\/aardappelen-legrand.be\/wp-content\/uploads\/2020\/10\/legrand-1.png\",\"width\":506,\"height\":128,\"caption\":\"Aardappelen Legrand\"},\"image\":{\"@id\":\"https:\/\/aardappelen-legrand.be\/fr\/#\/schema\/logo\/image\/\"}}]}<\/script>\n<!-- \/ Yoast SEO plugin. -->","yoast_head_json":{"title":"Pommes de terre Vapeur half - Aardappelen Legrand","robots":{"index":"index","follow":"follow","max-snippet":"max-snippet:-1","max-image-preview":"max-image-preview:large","max-video-preview":"max-video-preview:-1"},"canonical":"https:\/\/aardappelen-legrand.be\/fr\/assortiment\/pommes-de-terre-vapeur-half\/","og_locale":"fr_FR","og_type":"article","og_title":"Pommes de terre Vapeur half - Aardappelen Legrand","og_description":"Apr\u00e8s les frites, les pommes de terre Kookhalf constituent le produit le plus populaire de notre gamme. Cette vari\u00e9t\u00e9 est id\u00e9ale pour les grandes cuisines et les traiteurs qui concoctent des plats plut\u00f4t traditionnels mais succulents. Elle s&rsquo;utilise \u00e9galement dans tous les autres mets \u00e0 base de pomme de terre. Texture florale Temps de cuisson&hellip;Lire l\u2019article complet","og_url":"https:\/\/aardappelen-legrand.be\/fr\/assortiment\/pommes-de-terre-vapeur-half\/","og_site_name":"Aardappelen Legrand","article_modified_time":"2019-04-19T08:53:07+00:00","og_image":[{"width":2000,"height":1333,"url":"https:\/\/aardappelen-legrand.be\/wp-content\/uploads\/2018\/08\/Legrand_bereiding-7_lowres.jpg","type":"image\/jpeg"}],"twitter_card":"summary_large_image","schema":{"@context":"https:\/\/schema.org","@graph":[{"@type":"WebPage","@id":"https:\/\/aardappelen-legrand.be\/fr\/assortiment\/pommes-de-terre-vapeur-half\/","url":"https:\/\/aardappelen-legrand.be\/fr\/assortiment\/pommes-de-terre-vapeur-half\/","name":"Pommes de terre Vapeur half - Aardappelen Legrand","isPartOf":{"@id":"https:\/\/aardappelen-legrand.be\/fr\/#website"},"datePublished":"2018-08-29T15:41:27+00:00","dateModified":"2019-04-19T08:53:07+00:00","breadcrumb":{"@id":"https:\/\/aardappelen-legrand.be\/fr\/assortiment\/pommes-de-terre-vapeur-half\/#breadcrumb"},"inLanguage":"fr-FR","potentialAction":[{"@type":"ReadAction","target":["https:\/\/aardappelen-legrand.be\/fr\/assortiment\/pommes-de-terre-vapeur-half\/"]}]},{"@type":"BreadcrumbList","@id":"https:\/\/aardappelen-legrand.be\/fr\/assortiment\/pommes-de-terre-vapeur-half\/#breadcrumb","itemListElement":[{"@type":"ListItem","position":1,"name":"Home","item":"https:\/\/aardappelen-legrand.be\/fr\/"},{"@type":"ListItem","position":2,"name":"Assortiment","item":"https:\/\/aardappelen-legrand.be\/assortiment\/"},{"@type":"ListItem","position":3,"name":"Pommes de terre Vapeur half"}]},{"@type":"WebSite","@id":"https:\/\/aardappelen-legrand.be\/fr\/#website","url":"https:\/\/aardappelen-legrand.be\/fr\/","name":"Aardappelen Legrand","description":"Vers geschilde aardappelen en friet. Eenvoudig besteld en snel geleverd","publisher":{"@id":"https:\/\/aardappelen-legrand.be\/fr\/#organization"},"potentialAction":[{"@type":"SearchAction","target":{"@type":"EntryPoint","urlTemplate":"https:\/\/aardappelen-legrand.be\/fr\/?s={search_term_string}"},"query-input":"required name=search_term_string"}],"inLanguage":"fr-FR"},{"@type":"Organization","@id":"https:\/\/aardappelen-legrand.be\/fr\/#organization","name":"Aardappelen Legrand","url":"https:\/\/aardappelen-legrand.be\/fr\/","logo":{"@type":"ImageObject","inLanguage":"fr-FR","@id":"https:\/\/aardappelen-legrand.be\/fr\/#\/schema\/logo\/image\/","url":"https:\/\/aardappelen-legrand.be\/wp-content\/uploads\/2020\/10\/legrand-1.png","contentUrl":"https:\/\/aardappelen-legrand.be\/wp-content\/uploads\/2020\/10\/legrand-1.png","width":506,"height":128,"caption":"Aardappelen Legrand"},"image":{"@id":"https:\/\/aardappelen-legrand.be\/fr\/#\/schema\/logo\/image\/"}}]}},"_links":{"self":[{"href":"https:\/\/aardappelen-legrand.be\/fr\/wp-json\/wp\/v2\/product\/1091"}],"collection":[{"href":"https:\/\/aardappelen-legrand.be\/fr\/wp-json\/wp\/v2\/product"}],"about":[{"href":"https:\/\/aardappelen-legrand.be\/fr\/wp-json\/wp\/v2\/types\/product"}],"wp:featuredmedia":[{"embeddable":true,"href":"https:\/\/aardappelen-legrand.be\/fr\/wp-json\/wp\/v2\/media\/314"}],"wp:attachment":[{"href":"https:\/\/aardappelen-legrand.be\/fr\/wp-json\/wp\/v2\/media?parent=1091"}],"wp:term":[{"taxonomy":"product_cat","embeddable":true,"href":"https:\/\/aardappelen-legrand.be\/fr\/wp-json\/wp\/v2\/product_cat?post=1091"},{"taxonomy":"product_tag","embeddable":true,"href":"https:\/\/aardappelen-legrand.be\/fr\/wp-json\/wp\/v2\/product_tag?post=1091"}],"curies":[{"name":"wp","href":"https:\/\/api.w.org\/{rel}","templated":true}]}}